{"id":1426,"date":"2023-02-23T14:48:04","date_gmt":"2023-02-23T11:48:04","guid":{"rendered":"https:\/\/seckinsavunma.com\/tr\/?page_id=1426"},"modified":"2023-02-28T10:25:15","modified_gmt":"2023-02-28T07:25:15","slug":"yivli-av-tufegi","status":"publish","type":"page","link":"https:\/\/seckinsavunma.com\/tr\/yivli-av-tufegi\/","title":{"rendered":"Yivli Av T\u00fcfe\u011fi"},"content":{"rendered":"","protected":false},"excerpt":{"rendered":"","protected":false},"author":1,"featured_media":0,"parent":0,"menu_order":0,"comment_status":"closed","ping_status":"closed","template":"","meta":{"_acf_changed":false,"footnotes":""},"class_list":["post-1426","page","type-page","status-publish","hentry"],"acf":[],"yoast_head":"<!-- This site is optimized with the Yoast SEO plugin v27.1.1 - https:\/\/yoast.com\/product\/yoast-seo-wordpress\/ -->\n<title>Yivli Av T\u00fcfe\u011fi - Se\u00e7kin Savunma<\/title>\n<meta name=\"robots\" content=\"index, follow, max-snippet:-1, max-image-preview:large, max-video-preview:-1\" \/>\n<link rel=\"canonical\" href=\"https:\/\/seckinsavunma.com\/tr\/yivli-av-tufegi\/\" \/>\n<meta property=\"og:locale\" content=\"tr_TR\" \/>\n<meta property=\"og:type\" content=\"article\" \/>\n<meta property=\"og:title\" content=\"Yivli Av T\u00fcfe\u011fi - Se\u00e7kin Savunma\" \/>\n<meta property=\"og:url\" content=\"https:\/\/seckinsavunma.com\/tr\/yivli-av-tufegi\/\" \/>\n<meta property=\"og:site_name\" content=\"Se\u00e7kin Savunma\" \/>\n<meta property=\"article:publisher\" content=\"https:\/\/www.facebook.com\/seckin.savunma.35\" \/>\n<meta property=\"article:modified_time\" content=\"2023-02-28T07:25:15+00:00\" \/>\n<meta property=\"og:image\" content=\"https:\/\/seckinsavunma.com\/tr\/wp-content\/uploads\/2023\/02\/cropped-seckin-savunma-logo.jpg\" \/>\n\t<meta property=\"og:image:width\" content=\"512\" \/>\n\t<meta property=\"og:image:height\" content=\"512\" \/>\n\t<meta property=\"og:image:type\" content=\"image\/jpeg\" \/>\n<meta name=\"twitter:card\" content=\"summary_large_image\" \/>\n<script type=\"application\/ld+json\" class=\"yoast-schema-graph\">{\"@context\":\"https:\/\/schema.org\",\"@graph\":[{\"@type\":\"WebPage\",\"@id\":\"https:\/\/seckinsavunma.com\/tr\/yivli-av-tufegi\/\",\"url\":\"https:\/\/seckinsavunma.com\/tr\/yivli-av-tufegi\/\",\"name\":\"Yivli Av T\u00fcfe\u011fi - Se\u00e7kin Savunma\",\"isPartOf\":{\"@id\":\"https:\/\/seckinsavunma.com\/tr\/#website\"},\"datePublished\":\"2023-02-23T11:48:04+00:00\",\"dateModified\":\"2023-02-28T07:25:15+00:00\",\"breadcrumb\":{\"@id\":\"https:\/\/seckinsavunma.com\/tr\/yivli-av-tufegi\/#breadcrumb\"},\"inLanguage\":\"tr\",\"potentialAction\":[{\"@type\":\"ReadAction\",\"target\":[\"https:\/\/seckinsavunma.com\/tr\/yivli-av-tufegi\/\"]}]},{\"@type\":\"BreadcrumbList\",\"@id\":\"https:\/\/seckinsavunma.com\/tr\/yivli-av-tufegi\/#breadcrumb\",\"itemListElement\":[{\"@type\":\"ListItem\",\"position\":1,\"name\":\"Anasayfa\",\"item\":\"https:\/\/seckinsavunma.com\/tr\/\"},{\"@type\":\"ListItem\",\"position\":2,\"name\":\"Yivli Av T\u00fcfe\u011fi\"}]},{\"@type\":\"WebSite\",\"@id\":\"https:\/\/seckinsavunma.com\/tr\/#website\",\"url\":\"https:\/\/seckinsavunma.com\/tr\/\",\"name\":\"Se\u00e7kin Savunma\",\"description\":\"\",\"publisher\":{\"@id\":\"https:\/\/seckinsavunma.com\/tr\/#organization\"},\"potentialAction\":[{\"@type\":\"SearchAction\",\"target\":{\"@type\":\"EntryPoint\",\"urlTemplate\":\"https:\/\/seckinsavunma.com\/tr\/?s={search_term_string}\"},\"query-input\":{\"@type\":\"PropertyValueSpecification\",\"valueRequired\":true,\"valueName\":\"search_term_string\"}}],\"inLanguage\":\"tr\"},{\"@type\":\"Organization\",\"@id\":\"https:\/\/seckinsavunma.com\/tr\/#organization\",\"name\":\"Se\u00e7kin Savunma\",\"alternateName\":\"Se\u00e7kin Savunma\",\"url\":\"https:\/\/seckinsavunma.com\/tr\/\",\"logo\":{\"@type\":\"ImageObject\",\"inLanguage\":\"tr\",\"@id\":\"https:\/\/seckinsavunma.com\/tr\/#\/schema\/logo\/image\/\",\"url\":\"https:\/\/seckinsavunma.com\/tr\/wp-content\/uploads\/2023\/02\/cropped-seckin-savunma-logo.jpg\",\"contentUrl\":\"https:\/\/seckinsavunma.com\/tr\/wp-content\/uploads\/2023\/02\/cropped-seckin-savunma-logo.jpg\",\"width\":512,\"height\":512,\"caption\":\"Se\u00e7kin Savunma\"},\"image\":{\"@id\":\"https:\/\/seckinsavunma.com\/tr\/#\/schema\/logo\/image\/\"},\"sameAs\":[\"https:\/\/www.facebook.com\/seckin.savunma.35\",\"https:\/\/www.instagram.com\/seckinsavunma\/\",\"https:\/\/www.youtube.com\/@seckinsavunma151\"]}]}<\/script>\n<!-- \/ Yoast SEO plugin. -->","yoast_head_json":{"title":"Yivli Av T\u00fcfe\u011fi - Se\u00e7kin Savunma","robots":{"index":"index","follow":"follow","max-snippet":"max-snippet:-1","max-image-preview":"max-image-preview:large","max-video-preview":"max-video-preview:-1"},"canonical":"https:\/\/seckinsavunma.com\/tr\/yivli-av-tufegi\/","og_locale":"tr_TR","og_type":"article","og_title":"Yivli Av T\u00fcfe\u011fi - Se\u00e7kin Savunma","og_url":"https:\/\/seckinsavunma.com\/tr\/yivli-av-tufegi\/","og_site_name":"Se\u00e7kin Savunma","article_publisher":"https:\/\/www.facebook.com\/seckin.savunma.35","article_modified_time":"2023-02-28T07:25:15+00:00","og_image":[{"width":512,"height":512,"url":"https:\/\/seckinsavunma.com\/tr\/wp-content\/uploads\/2023\/02\/cropped-seckin-savunma-logo.jpg","type":"image\/jpeg"}],"twitter_card":"summary_large_image","schema":{"@context":"https:\/\/schema.org","@graph":[{"@type":"WebPage","@id":"https:\/\/seckinsavunma.com\/tr\/yivli-av-tufegi\/","url":"https:\/\/seckinsavunma.com\/tr\/yivli-av-tufegi\/","name":"Yivli Av T\u00fcfe\u011fi - Se\u00e7kin Savunma","isPartOf":{"@id":"https:\/\/seckinsavunma.com\/tr\/#website"},"datePublished":"2023-02-23T11:48:04+00:00","dateModified":"2023-02-28T07:25:15+00:00","breadcrumb":{"@id":"https:\/\/seckinsavunma.com\/tr\/yivli-av-tufegi\/#breadcrumb"},"inLanguage":"tr","potentialAction":[{"@type":"ReadAction","target":["https:\/\/seckinsavunma.com\/tr\/yivli-av-tufegi\/"]}]},{"@type":"BreadcrumbList","@id":"https:\/\/seckinsavunma.com\/tr\/yivli-av-tufegi\/#breadcrumb","itemListElement":[{"@type":"ListItem","position":1,"name":"Anasayfa","item":"https:\/\/seckinsavunma.com\/tr\/"},{"@type":"ListItem","position":2,"name":"Yivli Av T\u00fcfe\u011fi"}]},{"@type":"WebSite","@id":"https:\/\/seckinsavunma.com\/tr\/#website","url":"https:\/\/seckinsavunma.com\/tr\/","name":"Se\u00e7kin Savunma","description":"","publisher":{"@id":"https:\/\/seckinsavunma.com\/tr\/#organization"},"potentialAction":[{"@type":"SearchAction","target":{"@type":"EntryPoint","urlTemplate":"https:\/\/seckinsavunma.com\/tr\/?s={search_term_string}"},"query-input":{"@type":"PropertyValueSpecification","valueRequired":true,"valueName":"search_term_string"}}],"inLanguage":"tr"},{"@type":"Organization","@id":"https:\/\/seckinsavunma.com\/tr\/#organization","name":"Se\u00e7kin Savunma","alternateName":"Se\u00e7kin Savunma","url":"https:\/\/seckinsavunma.com\/tr\/","logo":{"@type":"ImageObject","inLanguage":"tr","@id":"https:\/\/seckinsavunma.com\/tr\/#\/schema\/logo\/image\/","url":"https:\/\/seckinsavunma.com\/tr\/wp-content\/uploads\/2023\/02\/cropped-seckin-savunma-logo.jpg","contentUrl":"https:\/\/seckinsavunma.com\/tr\/wp-content\/uploads\/2023\/02\/cropped-seckin-savunma-logo.jpg","width":512,"height":512,"caption":"Se\u00e7kin Savunma"},"image":{"@id":"https:\/\/seckinsavunma.com\/tr\/#\/schema\/logo\/image\/"},"sameAs":["https:\/\/www.facebook.com\/seckin.savunma.35","https:\/\/www.instagram.com\/seckinsavunma\/","https:\/\/www.youtube.com\/@seckinsavunma151"]}]}},"_links":{"self":[{"href":"https:\/\/seckinsavunma.com\/tr\/wp-json\/wp\/v2\/pages\/1426","targetHints":{"allow":["GET"]}}],"collection":[{"href":"https:\/\/seckinsavunma.com\/tr\/wp-json\/wp\/v2\/pages"}],"about":[{"href":"https:\/\/seckinsavunma.com\/tr\/wp-json\/wp\/v2\/types\/page"}],"author":[{"embeddable":true,"href":"https:\/\/seckinsavunma.com\/tr\/wp-json\/wp\/v2\/users\/1"}],"replies":[{"embeddable":true,"href":"https:\/\/seckinsavunma.com\/tr\/wp-json\/wp\/v2\/comments?post=1426"}],"version-history":[{"count":2,"href":"https:\/\/seckinsavunma.com\/tr\/wp-json\/wp\/v2\/pages\/1426\/revisions"}],"predecessor-version":[{"id":1806,"href":"https:\/\/seckinsavunma.com\/tr\/wp-json\/wp\/v2\/pages\/1426\/revisions\/1806"}],"wp:attachment":[{"href":"https:\/\/seckinsavunma.com\/tr\/wp-json\/wp\/v2\/media?parent=1426"}],"curies":[{"name":"wp","href":"https:\/\/api.w.org\/{rel}","templated":true}]}}